{"id":1517,"date":"2025-02-25T10:34:11","date_gmt":"2025-02-25T10:34:11","guid":{"rendered":"https:\/\/ijmuiden-newcastle.com\/de\/?page_id=1517"},"modified":"2025-02-25T10:49:43","modified_gmt":"2025-02-25T10:49:43","slug":"impressum","status":"publish","type":"page","link":"https:\/\/ijmuiden-newcastle.com\/de\/impressum\/","title":{"rendered":"Impressum"},"content":{"rendered":"\n<p>Diese Website ist Teil von FerryGoGo B.V.. Das Unternehmen und das B\u00fcro befinden sich in Zeist. Wenn Sie mehr \u00fcber das Unternehmen erfahren m\u00f6chten, kontaktieren Sie uns bitte. Die Kontaktdaten finden Sie weiter unten.<\/p>\n\n\n\n<h2 class=\"wp-block-heading\">Name und Adresse<\/h2>\n\n\n\n<p>Ferry GoGo B.V.<br>Jufferstraat 3<br>3701AD Zeist<br>Die Niederlande<\/p>\n\n\n\n<h2 class=\"wp-block-heading\">Direktor<\/h2>\n\n\n\n<p>J. van der Bij<\/p>\n\n\n\n<h2 class=\"wp-block-heading\">Kontaktinformationen<\/h2>\n\n\n\n<p>info@ferrygogo.com<\/p>\n\n\n\n<h3 class=\"wp-block-heading\">Firmenregistrierung<\/h3>\n\n\n\n<p>Handelskammer Amsterdam<\/p>\n\n\n\n<p>Aktenzeichen:&nbsp;76706060<\/p>\n\n\n\n<p><\/p>\n","protected":false},"excerpt":{"rendered":"<p>Diese Website ist Teil von FerryGoGo B.V.. Das Unternehmen und das B\u00fcro befinden sich in Zeist. Wenn Sie mehr \u00fcber [&hellip;]<\/p>\n","protected":false},"author":1,"featured_media":0,"parent":0,"menu_order":0,"comment_status":"closed","ping_status":"closed","template":"","meta":{"inline_featured_image":false,"site-sidebar-layout":"default","site-content-layout":"","ast-site-content-layout":"narrow-width-container","site-content-style":"default","site-sidebar-style":"default","ast-global-header-display":"","ast-banner-title-visibility":"","ast-main-header-display":"","ast-hfb-above-header-display":"","ast-hfb-below-header-display":"","ast-hfb-mobile-header-display":"","site-post-title":"","ast-breadcrumbs-content":"","ast-featured-img":"","footer-sml-layout":"","ast-disable-related-posts":"","theme-transparent-header-meta":"","adv-header-id-meta":"","stick-header-meta":"","header-above-stick-meta":"","header-main-stick-meta":"","header-below-stick-meta":"","astra-migrate-meta-layouts":"default","ast-page-background-enabled":"default","ast-page-background-meta":{"desktop":{"background-color":"var(--ast-global-color-4)","background-image":"","background-repeat":"repeat","background-position":"center center","background-size":"auto","background-attachment":"scroll","background-type":"","background-media":"","overlay-type":"","overlay-color":"","overlay-opacity":"","overlay-gradient":""},"tablet":{"background-color":"","background-image":"","background-repeat":"repeat","background-position":"center center","background-size":"auto","background-attachment":"scroll","background-type":"","background-media":"","overlay-type":"","overlay-color":"","overlay-opacity":"","overlay-gradient":""},"mobile":{"background-color":"","background-image":"","background-repeat":"repeat","background-position":"center center","background-size":"auto","background-attachment":"scroll","background-type":"","background-media":"","overlay-type":"","overlay-color":"","overlay-opacity":"","overlay-gradient":""}},"ast-content-background-meta":{"desktop":{"background-color":"var(--ast-global-color-5)","background-image":"","background-repeat":"repeat","background-position":"center center","background-size":"auto","background-attachment":"scroll","background-type":"","background-media":"","overlay-type":"","overlay-color":"","overlay-opacity":"","overlay-gradient":""},"tablet":{"background-color":"var(--ast-global-color-5)","background-image":"","background-repeat":"repeat","background-position":"center center","background-size":"auto","background-attachment":"scroll","background-type":"","background-media":"","overlay-type":"","overlay-color":"","overlay-opacity":"","overlay-gradient":""},"mobile":{"background-color":"var(--ast-global-color-5)","background-image":"","background-repeat":"repeat","background-position":"center center","background-size":"auto","background-attachment":"scroll","background-type":"","background-media":"","overlay-type":"","overlay-color":"","overlay-opacity":"","overlay-gradient":""}},"footnotes":""},"class_list":["post-1517","page","type-page","status-publish","hentry"],"yoast_head":"<!-- This site is optimized with the Yoast SEO plugin v27.2 - https:\/\/yoast.com\/product\/yoast-seo-wordpress\/ -->\n<title>Impressum - IJmuiden-Newcastle F\u00e4hre<\/title>\n<meta name=\"description\" content=\"Wenn Sie mehr \u00fcber das Unternehmen erfahren m\u00f6chten, kontaktieren Sie uns bitte. Die Kontaktdaten finden Sie weiter unten.\" \/>\n<meta name=\"robots\" content=\"index, follow, max-snippet:-1, max-image-preview:large, max-video-preview:-1\" \/>\n<link rel=\"canonical\" href=\"https:\/\/ijmuiden-newcastle.com\/de\/impressum\/\" \/>\n<meta property=\"og:locale\" content=\"de_DE\" \/>\n<meta property=\"og:type\" content=\"article\" \/>\n<meta property=\"og:title\" content=\"Impressum - IJmuiden-Newcastle F\u00e4hre\" \/>\n<meta property=\"og:description\" content=\"Wenn Sie mehr \u00fcber das Unternehmen erfahren m\u00f6chten, kontaktieren Sie uns bitte. Die Kontaktdaten finden Sie weiter unten.\" \/>\n<meta property=\"og:url\" content=\"https:\/\/ijmuiden-newcastle.com\/de\/impressum\/\" \/>\n<meta property=\"og:site_name\" content=\"IJmuiden-Newcastle F\u00e4hre\" \/>\n<meta property=\"article:modified_time\" content=\"2025-02-25T10:49:43+00:00\" \/>\n<meta name=\"twitter:card\" content=\"summary_large_image\" \/>\n<meta name=\"twitter:label1\" content=\"Gesch\u00e4tzte Lesezeit\" \/>\n\t<meta name=\"twitter:data1\" content=\"1\u00a0Minute\" \/>\n<script type=\"application\/ld+json\" class=\"yoast-schema-graph\">{\"@context\":\"https:\/\/schema.org\",\"@graph\":[{\"@type\":\"WebPage\",\"@id\":\"https:\/\/ijmuiden-newcastle.com\/de\/impressum\/\",\"url\":\"https:\/\/ijmuiden-newcastle.com\/de\/impressum\/\",\"name\":\"Impressum - IJmuiden-Newcastle F\u00e4hre\",\"isPartOf\":{\"@id\":\"https:\/\/ijmuiden-newcastle.com\/de\/#website\"},\"datePublished\":\"2025-02-25T10:34:11+00:00\",\"dateModified\":\"2025-02-25T10:49:43+00:00\",\"description\":\"Wenn Sie mehr \u00fcber das Unternehmen erfahren m\u00f6chten, kontaktieren Sie uns bitte. Die Kontaktdaten finden Sie weiter unten.\",\"breadcrumb\":{\"@id\":\"https:\/\/ijmuiden-newcastle.com\/de\/impressum\/#breadcrumb\"},\"inLanguage\":\"de\",\"potentialAction\":[{\"@type\":\"ReadAction\",\"target\":[\"https:\/\/ijmuiden-newcastle.com\/de\/impressum\/\"]}]},{\"@type\":\"BreadcrumbList\",\"@id\":\"https:\/\/ijmuiden-newcastle.com\/de\/impressum\/#breadcrumb\",\"itemListElement\":[{\"@type\":\"ListItem\",\"position\":1,\"name\":\"Startseite\",\"item\":\"https:\/\/ijmuiden-newcastle.com\/de\/\"},{\"@type\":\"ListItem\",\"position\":2,\"name\":\"Impressum\"}]},{\"@type\":\"WebSite\",\"@id\":\"https:\/\/ijmuiden-newcastle.com\/de\/#website\",\"url\":\"https:\/\/ijmuiden-newcastle.com\/de\/\",\"name\":\"IJmuiden-Newcastle F\u00e4hre\",\"description\":\"\",\"publisher\":{\"@id\":\"https:\/\/ijmuiden-newcastle.com\/de\/#organization\"},\"potentialAction\":[{\"@type\":\"SearchAction\",\"target\":{\"@type\":\"EntryPoint\",\"urlTemplate\":\"https:\/\/ijmuiden-newcastle.com\/de\/?s={search_term_string}\"},\"query-input\":{\"@type\":\"PropertyValueSpecification\",\"valueRequired\":true,\"valueName\":\"search_term_string\"}}],\"inLanguage\":\"de\"},{\"@type\":\"Organization\",\"@id\":\"https:\/\/ijmuiden-newcastle.com\/de\/#organization\",\"name\":\"IJmuiden-Newcastle F\u00e4hre\",\"url\":\"https:\/\/ijmuiden-newcastle.com\/de\/\",\"logo\":{\"@type\":\"ImageObject\",\"inLanguage\":\"de\",\"@id\":\"https:\/\/ijmuiden-newcastle.com\/de\/#\/schema\/logo\/image\/\",\"url\":\"https:\/\/ijmuiden-newcastle.com\/de\/wp-content\/uploads\/sites\/2\/2025\/02\/ijmuiden-new-castle.svg\",\"contentUrl\":\"https:\/\/ijmuiden-newcastle.com\/de\/wp-content\/uploads\/sites\/2\/2025\/02\/ijmuiden-new-castle.svg\",\"width\":1200,\"height\":240,\"caption\":\"IJmuiden-Newcastle F\u00e4hre\"},\"image\":{\"@id\":\"https:\/\/ijmuiden-newcastle.com\/de\/#\/schema\/logo\/image\/\"}}]}<\/script>\n<!-- \/ Yoast SEO plugin. -->","yoast_head_json":{"title":"Impressum - IJmuiden-Newcastle F\u00e4hre","description":"Wenn Sie mehr \u00fcber das Unternehmen erfahren m\u00f6chten, kontaktieren Sie uns bitte. Die Kontaktdaten finden Sie weiter unten.","robots":{"index":"index","follow":"follow","max-snippet":"max-snippet:-1","max-image-preview":"max-image-preview:large","max-video-preview":"max-video-preview:-1"},"canonical":"https:\/\/ijmuiden-newcastle.com\/de\/impressum\/","og_locale":"de_DE","og_type":"article","og_title":"Impressum - IJmuiden-Newcastle F\u00e4hre","og_description":"Wenn Sie mehr \u00fcber das Unternehmen erfahren m\u00f6chten, kontaktieren Sie uns bitte. Die Kontaktdaten finden Sie weiter unten.","og_url":"https:\/\/ijmuiden-newcastle.com\/de\/impressum\/","og_site_name":"IJmuiden-Newcastle F\u00e4hre","article_modified_time":"2025-02-25T10:49:43+00:00","twitter_card":"summary_large_image","twitter_misc":{"Gesch\u00e4tzte Lesezeit":"1\u00a0Minute"},"schema":{"@context":"https:\/\/schema.org","@graph":[{"@type":"WebPage","@id":"https:\/\/ijmuiden-newcastle.com\/de\/impressum\/","url":"https:\/\/ijmuiden-newcastle.com\/de\/impressum\/","name":"Impressum - IJmuiden-Newcastle F\u00e4hre","isPartOf":{"@id":"https:\/\/ijmuiden-newcastle.com\/de\/#website"},"datePublished":"2025-02-25T10:34:11+00:00","dateModified":"2025-02-25T10:49:43+00:00","description":"Wenn Sie mehr \u00fcber das Unternehmen erfahren m\u00f6chten, kontaktieren Sie uns bitte. Die Kontaktdaten finden Sie weiter unten.","breadcrumb":{"@id":"https:\/\/ijmuiden-newcastle.com\/de\/impressum\/#breadcrumb"},"inLanguage":"de","potentialAction":[{"@type":"ReadAction","target":["https:\/\/ijmuiden-newcastle.com\/de\/impressum\/"]}]},{"@type":"BreadcrumbList","@id":"https:\/\/ijmuiden-newcastle.com\/de\/impressum\/#breadcrumb","itemListElement":[{"@type":"ListItem","position":1,"name":"Startseite","item":"https:\/\/ijmuiden-newcastle.com\/de\/"},{"@type":"ListItem","position":2,"name":"Impressum"}]},{"@type":"WebSite","@id":"https:\/\/ijmuiden-newcastle.com\/de\/#website","url":"https:\/\/ijmuiden-newcastle.com\/de\/","name":"IJmuiden-Newcastle F\u00e4hre","description":"","publisher":{"@id":"https:\/\/ijmuiden-newcastle.com\/de\/#organization"},"potentialAction":[{"@type":"SearchAction","target":{"@type":"EntryPoint","urlTemplate":"https:\/\/ijmuiden-newcastle.com\/de\/?s={search_term_string}"},"query-input":{"@type":"PropertyValueSpecification","valueRequired":true,"valueName":"search_term_string"}}],"inLanguage":"de"},{"@type":"Organization","@id":"https:\/\/ijmuiden-newcastle.com\/de\/#organization","name":"IJmuiden-Newcastle F\u00e4hre","url":"https:\/\/ijmuiden-newcastle.com\/de\/","logo":{"@type":"ImageObject","inLanguage":"de","@id":"https:\/\/ijmuiden-newcastle.com\/de\/#\/schema\/logo\/image\/","url":"https:\/\/ijmuiden-newcastle.com\/de\/wp-content\/uploads\/sites\/2\/2025\/02\/ijmuiden-new-castle.svg","contentUrl":"https:\/\/ijmuiden-newcastle.com\/de\/wp-content\/uploads\/sites\/2\/2025\/02\/ijmuiden-new-castle.svg","width":1200,"height":240,"caption":"IJmuiden-Newcastle F\u00e4hre"},"image":{"@id":"https:\/\/ijmuiden-newcastle.com\/de\/#\/schema\/logo\/image\/"}}]}},"_links":{"self":[{"href":"https:\/\/ijmuiden-newcastle.com\/de\/wp-json\/wp\/v2\/pages\/1517","targetHints":{"allow":["GET"]}}],"collection":[{"href":"https:\/\/ijmuiden-newcastle.com\/de\/wp-json\/wp\/v2\/pages"}],"about":[{"href":"https:\/\/ijmuiden-newcastle.com\/de\/wp-json\/wp\/v2\/types\/page"}],"author":[{"embeddable":true,"href":"https:\/\/ijmuiden-newcastle.com\/de\/wp-json\/wp\/v2\/users\/1"}],"replies":[{"embeddable":true,"href":"https:\/\/ijmuiden-newcastle.com\/de\/wp-json\/wp\/v2\/comments?post=1517"}],"version-history":[{"count":3,"href":"https:\/\/ijmuiden-newcastle.com\/de\/wp-json\/wp\/v2\/pages\/1517\/revisions"}],"predecessor-version":[{"id":1520,"href":"https:\/\/ijmuiden-newcastle.com\/de\/wp-json\/wp\/v2\/pages\/1517\/revisions\/1520"}],"wp:attachment":[{"href":"https:\/\/ijmuiden-newcastle.com\/de\/wp-json\/wp\/v2\/media?parent=1517"}],"curies":[{"name":"wp","href":"https:\/\/api.w.org\/{rel}","templated":true}]}}