{"id":1252,"date":"2024-06-05T08:16:39","date_gmt":"2024-06-05T08:16:39","guid":{"rendered":"http:\/\/IJmuiden-Newcastle"},"modified":"2025-02-25T10:55:35","modified_gmt":"2025-02-25T10:55:35","slug":"newcastle","status":"publish","type":"page","link":"https:\/\/ijmuiden-newcastle.com\/de\/newcastle\/","title":{"rendered":"Ankunft in Newcastle"},"content":{"rendered":"\n<p>Auf dieser Seite erfahren Sie alles rund um die Anreise in Newcastle.<\/p>\n\n\n\n<h2 class=\"wp-block-heading\"><strong>DFDS Newcastle Harbour<\/strong><\/h2>\n\n\n\n<p><em>Der Hafenstandort, den Sie f\u00fcr Ihre F\u00e4hrverbindung von Newcastle nach IJmuiden ben\u00f6tigen, ist der folgende Standort:<\/em><\/p>\n\n\n\n<p>Int. Passagierterminal<br>Royal Quays \u2013 North Shields<br>NE29 6EE \u2013 Gro\u00dfbritannien<\/p>\n\n\n\n<ul class=\"wp-block-list\">\n<li>Es gibt einen Transferbus vom Hafen ins Zentrum. Dieser Transfer ist in der <a href=\"https:\/\/ijmuiden-newcastle.com\/de\/minicruise-newcastle\/\">MiniCruise<\/a> enthalten.<\/li>\n\n\n\n<li>Das Parken in Newcastle ist auf einem sicheren Parkplatz m\u00f6glich. Die Preise liegen bei etwa 14 Euro pro 24 Stunden.<\/li>\n\n\n\n<li>Das DFDS-Terminal ist ganz in der N\u00e4he.<\/li>\n<\/ul>\n\n\n\n<h2 class=\"wp-block-heading\">Newcastle die Stadt selbst<\/h2>\n\n\n\n<p>Newcastle hat viele attraktive Aspekte und das umfangreiche Einkaufsviertel ist sicherlich einer davon. Die Haupteinkaufsstra\u00dfe des Landes ist die Northumberland Street. Der gro\u00dfe Name dieser Stra\u00dfe wurde vor einigen Jahren dadurch best\u00e4tigt, dass sie die teuerste Einkaufsstra\u00dfe au\u00dferhalb Londons war. Zum Gl\u00fcck f\u00fcr die Besucher ging es hier um die Anmietung einer Immobilie in dieser Stra\u00dfe und nicht um die Preise selbst.<\/p>\n\n\n\n<p>Einen Besuch wert ist auch das Eldon Square Shopping Centre, eines der gr\u00f6\u00dften Einkaufszentren im Vereinigten K\u00f6nigreich.<\/p>\n\n\n\n<h3 class=\"wp-block-heading\">Nachtleben in Newcastle<\/h3>\n\n\n\n<p>Wenn Sie gerne feiern, ist Newcastle der richtige Ort f\u00fcr Sie. Die Stadt landet regelm\u00e4\u00dfig in den Top Ten der besten Ausgehst\u00e4dte des Landes und schafft es teilweise sogar unter die ersten drei. Dies ist haupts\u00e4chlich auf den Bigg Market und das Quayside-Gebiet zur\u00fcckzuf\u00fchren. Dort finden Sie die angesagtesten Kneipen und Nachtclubs. In Newcastle k\u00f6nnen Sie auch ausl\u00e4ndische K\u00fcche genie\u00dfen. Denken Sie an griechische, mexikanische, thail\u00e4ndische, libanesische, franz\u00f6sische und polnische Restaurants.<\/p>\n\n\n\n<h3 class=\"wp-block-heading\">Newcastle-Festivals<\/h3>\n\n\n\n<p>Wenn Sie planen, eine \u00dcberfahrt nach Newcastle zu buchen, pr\u00fcfen Sie unbedingt, ob w\u00e4hrend Ihres Urlaubs ein Festival organisiert wird. Das Newcastle Gateshead Comedy Festival steht im M\u00e4rz standardm\u00e4\u00dfig auf dem Programm, aber auch das chinesische Neujahr, das im Januar oder Februar in Newcastles Chinatown gefeiert wird, ist sehr zu empfehlen.<\/p>\n\n\n\n<h2 class=\"wp-block-heading\">Beste Newcastle-Museen<\/h2>\n\n\n\n<p>Wir haben aus allen Bewertungen und Optionen die Top 5 f\u00fcr DFDS <a href=\"https:\/\/ijmuiden-newcastle.com\/de\/minicruise-newcastle\/\">MiniCruise-Besucher<\/a> nach Newcastle ausgew\u00e4hlt.<\/p>\n\n\n\n<ol class=\"wp-block-list\">\n<li><strong>The Discover Museum<\/strong>. Beliebt und interessant f\u00fcr Kinder!<\/li>\n\n\n\n<li><strong>Newcastle Castle<\/strong>. Gute F\u00fchrer und alles \u00fcber die Geschichte von Newcastle.<\/li>\n\n\n\n<li><a href=\"https:\/\/www.life.org.uk\/\" target=\"_blank\" rel=\"noreferrer noopener\"><strong>Life-Science-Zentrum<\/strong><\/a>. Museum etwas teuer, aber viel Unterhaltung f\u00fcr die Kinder.<\/li>\n\n\n\n<li><strong>Die Keksfabrik.<\/strong> Sehr beliebte und erstaunliche Kunst. Liegt etwas au\u00dferhalb des Zentrums, was es w\u00e4hrend der dreit\u00e4gigen Minikreuzfahrt etwas schwieriger macht.<\/li>\n\n\n\n<li><strong>The Great North Museum<\/strong>. Ideal im Zentrum gelegen, ein kleines, wundersch\u00f6nes Museum mit unterhaltsamen M\u00f6glichkeiten f\u00fcr Kinder!<\/li>\n<\/ol>\n\n\n\n<p><em>Und nat\u00fcrlich gibt es auch ein fantastisches Schloss etwas au\u00dferhalb von Newcastle \u2026<\/em><\/p>\n\n\n\n<h2 class=\"wp-block-heading\"><a id=\"alnwickcastle\"><\/a>Alnwick Castle<\/h2>\n\n\n\n<p>Teil der magischen DFDS Newcastle 3-Tages-Minikreuzfahrt. Dieses Schloss ist vor allem f\u00fcr Harry Potter bekannt. Dies liegt daran, dass das Schloss f\u00fcr viele Harry-Potter-Szenen genutzt wurde. Im Schloss selbst sieht man davon nicht viel! Ber\u00fccksichtigen Sie dies, wenn Sie den Kindern ein Harry-Potter-Erlebnis versprechen. In dieser Hinsicht kann es etwas entt\u00e4uschend sein. Es gibt viele andere Aktivit\u00e4ten, darunter: \u201eBesenstielfliegen\u201c. Das ist nat\u00fcrlich etwas aus Harry Potter! Generell bleibt das Schloss ein besonderes Erlebnis, die Bewertungen sind sehr positiv\/hoch.<\/p>\n\n\n\n<blockquote class=\"wp-block-quote is-layout-flow wp-block-quote-is-layout-flow\">\n<p>Goldener Tipp: Schauen Sie sich das Veranstaltungsschild am Eingang genau an! Es sind diese kleinen Dinge, die dieses Schloss so sch\u00f6n machen!<\/p>\n\n\n\n<p><\/p>\n<\/blockquote>\n","protected":false},"excerpt":{"rendered":"<p>Auf dieser Seite erfahren Sie alles rund um die Anreise in Newcastle. DFDS Newcastle Harbour Der Hafenstandort, den Sie f\u00fcr [&hellip;]<\/p>\n","protected":false},"author":1,"featured_media":0,"parent":0,"menu_order":0,"comment_status":"closed","ping_status":"closed","template":"","meta":{"inline_featured_image":false,"site-sidebar-layout":"default","site-content-layout":"","ast-site-content-layout":"narrow-width-container","site-content-style":"default","site-sidebar-style":"default","ast-global-header-display":"","ast-banner-title-visibility":"","ast-main-header-display":"","ast-hfb-above-header-display":"","ast-hfb-below-header-display":"","ast-hfb-mobile-header-display":"","site-post-title":"","ast-breadcrumbs-content":"","ast-featured-img":"","footer-sml-layout":"","ast-disable-related-posts":"","theme-transparent-header-meta":"","adv-header-id-meta":"","stick-header-meta":"","header-above-stick-meta":"","header-main-stick-meta":"","header-below-stick-meta":"","astra-migrate-meta-layouts":"default","ast-page-background-enabled":"default","ast-page-background-meta":{"desktop":{"background-color":"var(--ast-global-color-4)","background-image":"","background-repeat":"repeat","background-position":"center center","background-size":"auto","background-attachment":"scroll","background-type":"","background-media":"","overlay-type":"","overlay-color":"","overlay-opacity":"","overlay-gradient":""},"tablet":{"background-color":"","background-image":"","background-repeat":"repeat","background-position":"center center","background-size":"auto","background-attachment":"scroll","background-type":"","background-media":"","overlay-type":"","overlay-color":"","overlay-opacity":"","overlay-gradient":""},"mobile":{"background-color":"","background-image":"","background-repeat":"repeat","background-position":"center center","background-size":"auto","background-attachment":"scroll","background-type":"","background-media":"","overlay-type":"","overlay-color":"","overlay-opacity":"","overlay-gradient":""}},"ast-content-background-meta":{"desktop":{"background-color":"var(--ast-global-color-5)","background-image":"","background-repeat":"repeat","background-position":"center center","background-size":"auto","background-attachment":"scroll","background-type":"","background-media":"","overlay-type":"","overlay-color":"","overlay-opacity":"","overlay-gradient":""},"tablet":{"background-color":"var(--ast-global-color-5)","background-image":"","background-repeat":"repeat","background-position":"center center","background-size":"auto","background-attachment":"scroll","background-type":"","background-media":"","overlay-type":"","overlay-color":"","overlay-opacity":"","overlay-gradient":""},"mobile":{"background-color":"var(--ast-global-color-5)","background-image":"","background-repeat":"repeat","background-position":"center center","background-size":"auto","background-attachment":"scroll","background-type":"","background-media":"","overlay-type":"","overlay-color":"","overlay-opacity":"","overlay-gradient":""}},"footnotes":""},"class_list":["post-1252","page","type-page","status-publish","hentry"],"yoast_head":"<!-- This site is optimized with the Yoast SEO plugin v27.2 - https:\/\/yoast.com\/product\/yoast-seo-wordpress\/ -->\n<title>Ankunft in Newcastle - IJmuiden-Newcastle F\u00e4hre<\/title>\n<meta name=\"description\" content=\"DFDS Newcastle \u2013 Das Ziel f\u00fcr Ihre Mini-Kreuzfahrt oder der ideale Ausgangspunkt f\u00fcr Ihre Schottland-Rundreise. Alle Informationen \u00fcber Newcastle. (DFDS-Port)\" \/>\n<meta name=\"robots\" content=\"index, follow, max-snippet:-1, max-image-preview:large, max-video-preview:-1\" \/>\n<link rel=\"canonical\" href=\"https:\/\/ijmuiden-newcastle.com\/de\/newcastle\/\" \/>\n<meta property=\"og:locale\" content=\"de_DE\" \/>\n<meta property=\"og:type\" content=\"article\" \/>\n<meta property=\"og:title\" content=\"Ankunft in Newcastle - IJmuiden-Newcastle F\u00e4hre\" \/>\n<meta property=\"og:description\" content=\"DFDS Newcastle \u2013 Das Ziel f\u00fcr Ihre Mini-Kreuzfahrt oder der ideale Ausgangspunkt f\u00fcr Ihre Schottland-Rundreise. Alle Informationen \u00fcber Newcastle. (DFDS-Port)\" \/>\n<meta property=\"og:url\" content=\"https:\/\/ijmuiden-newcastle.com\/de\/newcastle\/\" \/>\n<meta property=\"og:site_name\" content=\"IJmuiden-Newcastle F\u00e4hre\" \/>\n<meta property=\"article:modified_time\" content=\"2025-02-25T10:55:35+00:00\" \/>\n<meta name=\"twitter:card\" content=\"summary_large_image\" \/>\n<meta name=\"twitter:label1\" content=\"Gesch\u00e4tzte Lesezeit\" \/>\n\t<meta name=\"twitter:data1\" content=\"3\u00a0Minuten\" \/>\n<script type=\"application\/ld+json\" class=\"yoast-schema-graph\">{\"@context\":\"https:\/\/schema.org\",\"@graph\":[{\"@type\":\"WebPage\",\"@id\":\"https:\/\/ijmuiden-newcastle.com\/de\/newcastle\/\",\"url\":\"https:\/\/ijmuiden-newcastle.com\/de\/newcastle\/\",\"name\":\"Ankunft in Newcastle - IJmuiden-Newcastle F\u00e4hre\",\"isPartOf\":{\"@id\":\"https:\/\/ijmuiden-newcastle.com\/de\/#website\"},\"datePublished\":\"2024-06-05T08:16:39+00:00\",\"dateModified\":\"2025-02-25T10:55:35+00:00\",\"description\":\"DFDS Newcastle \u2013 Das Ziel f\u00fcr Ihre Mini-Kreuzfahrt oder der ideale Ausgangspunkt f\u00fcr Ihre Schottland-Rundreise. Alle Informationen \u00fcber Newcastle. (DFDS-Port)\",\"breadcrumb\":{\"@id\":\"https:\/\/ijmuiden-newcastle.com\/de\/newcastle\/#breadcrumb\"},\"inLanguage\":\"de\",\"potentialAction\":[{\"@type\":\"ReadAction\",\"target\":[\"https:\/\/ijmuiden-newcastle.com\/de\/newcastle\/\"]}]},{\"@type\":\"BreadcrumbList\",\"@id\":\"https:\/\/ijmuiden-newcastle.com\/de\/newcastle\/#breadcrumb\",\"itemListElement\":[{\"@type\":\"ListItem\",\"position\":1,\"name\":\"Startseite\",\"item\":\"https:\/\/ijmuiden-newcastle.com\/de\/\"},{\"@type\":\"ListItem\",\"position\":2,\"name\":\"Ankunft in Newcastle\"}]},{\"@type\":\"WebSite\",\"@id\":\"https:\/\/ijmuiden-newcastle.com\/de\/#website\",\"url\":\"https:\/\/ijmuiden-newcastle.com\/de\/\",\"name\":\"IJmuiden-Newcastle F\u00e4hre\",\"description\":\"\",\"publisher\":{\"@id\":\"https:\/\/ijmuiden-newcastle.com\/de\/#organization\"},\"potentialAction\":[{\"@type\":\"SearchAction\",\"target\":{\"@type\":\"EntryPoint\",\"urlTemplate\":\"https:\/\/ijmuiden-newcastle.com\/de\/?s={search_term_string}\"},\"query-input\":{\"@type\":\"PropertyValueSpecification\",\"valueRequired\":true,\"valueName\":\"search_term_string\"}}],\"inLanguage\":\"de\"},{\"@type\":\"Organization\",\"@id\":\"https:\/\/ijmuiden-newcastle.com\/de\/#organization\",\"name\":\"IJmuiden-Newcastle F\u00e4hre\",\"url\":\"https:\/\/ijmuiden-newcastle.com\/de\/\",\"logo\":{\"@type\":\"ImageObject\",\"inLanguage\":\"de\",\"@id\":\"https:\/\/ijmuiden-newcastle.com\/de\/#\/schema\/logo\/image\/\",\"url\":\"https:\/\/ijmuiden-newcastle.com\/de\/wp-content\/uploads\/sites\/2\/2025\/02\/ijmuiden-new-castle.svg\",\"contentUrl\":\"https:\/\/ijmuiden-newcastle.com\/de\/wp-content\/uploads\/sites\/2\/2025\/02\/ijmuiden-new-castle.svg\",\"width\":1200,\"height\":240,\"caption\":\"IJmuiden-Newcastle F\u00e4hre\"},\"image\":{\"@id\":\"https:\/\/ijmuiden-newcastle.com\/de\/#\/schema\/logo\/image\/\"}}]}<\/script>\n<!-- \/ Yoast SEO plugin. -->","yoast_head_json":{"title":"Ankunft in Newcastle - IJmuiden-Newcastle F\u00e4hre","description":"DFDS Newcastle \u2013 Das Ziel f\u00fcr Ihre Mini-Kreuzfahrt oder der ideale Ausgangspunkt f\u00fcr Ihre Schottland-Rundreise. Alle Informationen \u00fcber Newcastle. (DFDS-Port)","robots":{"index":"index","follow":"follow","max-snippet":"max-snippet:-1","max-image-preview":"max-image-preview:large","max-video-preview":"max-video-preview:-1"},"canonical":"https:\/\/ijmuiden-newcastle.com\/de\/newcastle\/","og_locale":"de_DE","og_type":"article","og_title":"Ankunft in Newcastle - IJmuiden-Newcastle F\u00e4hre","og_description":"DFDS Newcastle \u2013 Das Ziel f\u00fcr Ihre Mini-Kreuzfahrt oder der ideale Ausgangspunkt f\u00fcr Ihre Schottland-Rundreise. Alle Informationen \u00fcber Newcastle. (DFDS-Port)","og_url":"https:\/\/ijmuiden-newcastle.com\/de\/newcastle\/","og_site_name":"IJmuiden-Newcastle F\u00e4hre","article_modified_time":"2025-02-25T10:55:35+00:00","twitter_card":"summary_large_image","twitter_misc":{"Gesch\u00e4tzte Lesezeit":"3\u00a0Minuten"},"schema":{"@context":"https:\/\/schema.org","@graph":[{"@type":"WebPage","@id":"https:\/\/ijmuiden-newcastle.com\/de\/newcastle\/","url":"https:\/\/ijmuiden-newcastle.com\/de\/newcastle\/","name":"Ankunft in Newcastle - IJmuiden-Newcastle F\u00e4hre","isPartOf":{"@id":"https:\/\/ijmuiden-newcastle.com\/de\/#website"},"datePublished":"2024-06-05T08:16:39+00:00","dateModified":"2025-02-25T10:55:35+00:00","description":"DFDS Newcastle \u2013 Das Ziel f\u00fcr Ihre Mini-Kreuzfahrt oder der ideale Ausgangspunkt f\u00fcr Ihre Schottland-Rundreise. Alle Informationen \u00fcber Newcastle. (DFDS-Port)","breadcrumb":{"@id":"https:\/\/ijmuiden-newcastle.com\/de\/newcastle\/#breadcrumb"},"inLanguage":"de","potentialAction":[{"@type":"ReadAction","target":["https:\/\/ijmuiden-newcastle.com\/de\/newcastle\/"]}]},{"@type":"BreadcrumbList","@id":"https:\/\/ijmuiden-newcastle.com\/de\/newcastle\/#breadcrumb","itemListElement":[{"@type":"ListItem","position":1,"name":"Startseite","item":"https:\/\/ijmuiden-newcastle.com\/de\/"},{"@type":"ListItem","position":2,"name":"Ankunft in Newcastle"}]},{"@type":"WebSite","@id":"https:\/\/ijmuiden-newcastle.com\/de\/#website","url":"https:\/\/ijmuiden-newcastle.com\/de\/","name":"IJmuiden-Newcastle F\u00e4hre","description":"","publisher":{"@id":"https:\/\/ijmuiden-newcastle.com\/de\/#organization"},"potentialAction":[{"@type":"SearchAction","target":{"@type":"EntryPoint","urlTemplate":"https:\/\/ijmuiden-newcastle.com\/de\/?s={search_term_string}"},"query-input":{"@type":"PropertyValueSpecification","valueRequired":true,"valueName":"search_term_string"}}],"inLanguage":"de"},{"@type":"Organization","@id":"https:\/\/ijmuiden-newcastle.com\/de\/#organization","name":"IJmuiden-Newcastle F\u00e4hre","url":"https:\/\/ijmuiden-newcastle.com\/de\/","logo":{"@type":"ImageObject","inLanguage":"de","@id":"https:\/\/ijmuiden-newcastle.com\/de\/#\/schema\/logo\/image\/","url":"https:\/\/ijmuiden-newcastle.com\/de\/wp-content\/uploads\/sites\/2\/2025\/02\/ijmuiden-new-castle.svg","contentUrl":"https:\/\/ijmuiden-newcastle.com\/de\/wp-content\/uploads\/sites\/2\/2025\/02\/ijmuiden-new-castle.svg","width":1200,"height":240,"caption":"IJmuiden-Newcastle F\u00e4hre"},"image":{"@id":"https:\/\/ijmuiden-newcastle.com\/de\/#\/schema\/logo\/image\/"}}]}},"_links":{"self":[{"href":"https:\/\/ijmuiden-newcastle.com\/de\/wp-json\/wp\/v2\/pages\/1252","targetHints":{"allow":["GET"]}}],"collection":[{"href":"https:\/\/ijmuiden-newcastle.com\/de\/wp-json\/wp\/v2\/pages"}],"about":[{"href":"https:\/\/ijmuiden-newcastle.com\/de\/wp-json\/wp\/v2\/types\/page"}],"author":[{"embeddable":true,"href":"https:\/\/ijmuiden-newcastle.com\/de\/wp-json\/wp\/v2\/users\/1"}],"replies":[{"embeddable":true,"href":"https:\/\/ijmuiden-newcastle.com\/de\/wp-json\/wp\/v2\/comments?post=1252"}],"version-history":[{"count":3,"href":"https:\/\/ijmuiden-newcastle.com\/de\/wp-json\/wp\/v2\/pages\/1252\/revisions"}],"predecessor-version":[{"id":1525,"href":"https:\/\/ijmuiden-newcastle.com\/de\/wp-json\/wp\/v2\/pages\/1252\/revisions\/1525"}],"wp:attachment":[{"href":"https:\/\/ijmuiden-newcastle.com\/de\/wp-json\/wp\/v2\/media?parent=1252"}],"curies":[{"name":"wp","href":"https:\/\/api.w.org\/{rel}","templated":true}]}}