{"id":1250,"date":"2024-06-05T08:16:39","date_gmt":"2024-06-05T08:16:39","guid":{"rendered":"http:\/\/IJmuiden-Newcastle"},"modified":"2024-06-05T12:10:06","modified_gmt":"2024-06-05T12:10:06","slug":"datenschutzerklarung","status":"publish","type":"page","link":"https:\/\/ijmuiden-newcastle.com\/de\/datenschutzerklarung\/","title":{"rendered":"Datenschutzerkl\u00e4rung"},"content":{"rendered":"\n<h2 class=\"wp-block-heading\">Wer sind wir<\/h2>\n\n\n\n<p>Unsere Website-Adresse lautet: http:\/\/ijmuiden-newcastle.com.<\/p>\n\n\n\n<h2 class=\"wp-block-heading\">Welche personenbezogenen Daten wir sammeln und warum wir sie sammeln<\/h2>\n\n\n\n<h3 class=\"wp-block-heading\">Kommentare<\/h3>\n\n\n\n<p>Wenn Besucher Kommentare auf der Website hinterlassen, erfassen wir die im Kommentarformular angezeigten Daten sowie die IP-Adresse des Besuchers und den User-Agent-String des Browsers, um die Spam-Erkennung zu unterst\u00fctzen.<\/p>\n\n\n\n<p>Wenn Sie diesen nutzen, kann eine aus Ihrer E-Mail-Adresse erstellte anonymisierte Zeichenfolge (auch Hash genannt) an den Gravatar-Dienst gesendet werden. Die Seite mit den Datenschutzbestimmungen finden Sie hier: https:\/\/automattic.com\/privacy\/. Nachdem Ihr Kommentar genehmigt wurde, wird Ihr Profilfoto im Kontext Ihres Kommentars \u00f6ffentlich sichtbar sein.<\/p>\n\n\n\n<h3 class=\"wp-block-heading\">Medien<\/h3>\n\n\n\n<p>Wenn Sie ein registrierter Benutzer sind und Bilder auf die Website hochladen, sollten Sie das Hochladen von Bildern mit EXIF-GPS-Standortdaten vermeiden. Besucher der Website k\u00f6nnen die Bilder von der Website herunterladen und die Standortdaten einsehen.<\/p>\n\n\n\n<h3 class=\"wp-block-heading\">Cookies<\/h3>\n\n\n\n<p>Wenn Sie einen Kommentar auf unserer Website hinterlassen, k\u00f6nnen Sie der Speicherung Ihres Namens, Ihrer E-Mail-Adresse und Ihrer Website in Cookies zustimmen. Wir tun dies f\u00fcr Sie, damit Sie Ihre Daten nicht erneut eingeben m\u00fcssen, wenn Sie einen weiteren Kommentar hinterlassen. Diese Cookies sind ein Jahr g\u00fcltig.<\/p>\n\n\n\n<p>Wenn Sie unsere Anmeldeseite besuchen, speichern wir ein tempor\u00e4res Cookie, um zu pr\u00fcfen, ob Ihr Browser Cookies akzeptiert. Dieses Cookie enth\u00e4lt keine personenbezogenen Daten und wird gel\u00f6scht, wenn Sie Ihren Browser schlie\u00dfen.<\/p>\n\n\n\n<p>Sobald Sie sich anmelden, speichern wir einige Cookies im Zusammenhang mit Ihren Anmeldeinformationen und Bildschirmanzeigeoptionen. Login-Cookies sind 2 Tage g\u00fcltig und Cookies f\u00fcr Bildschirmanzeigeoptionen sind 1 Jahr g\u00fcltig. Wenn Sie \u201eAngemeldet bleiben\u201c ausw\u00e4hlen, wird Ihr Login 2 Wochen lang gespeichert. Sobald Sie sich von Ihrem Konto abmelden, werden Anmeldecookies gel\u00f6scht.<\/p>\n\n\n\n<p>Wenn Sie eine Nachricht bearbeiten oder ver\u00f6ffentlichen, wird ein zus\u00e4tzlicher Cookie von Ihrem Browser gespeichert. Dieses Cookie enth\u00e4lt keine personenbezogenen Daten und enth\u00e4lt lediglich die Beitrags-ID des von Ihnen bearbeiteten Artikels. Dieses Cookie l\u00e4uft nach einem Tag ab.<\/p>\n\n\n\n<h3 class=\"wp-block-heading\">Eingebettete Inhalte von anderen Websites<\/h3>\n\n\n\n<p>Beitr\u00e4ge auf dieser Website k\u00f6nnen eingebettete Inhalte enthalten (z. B. Videos, Bilder, Nachrichten usw.). Eingebettete Inhalte von anderen Websites verhalten sich genauso, als ob der Besucher diese andere Website besucht h\u00e4tte.<\/p>\n\n\n\n<p>Diese Websites k\u00f6nnen Daten \u00fcber Sie sammeln, Cookies verwenden, zus\u00e4tzliches Tracking von Drittanbietern einbetten und Ihre Interaktion mit diesem eingebetteten Inhalt \u00fcberwachen, einschlie\u00dflich der Verfolgung Ihrer Interaktion mit dem eingebetteten Inhalt, wenn Sie \u00fcber ein Konto verf\u00fcgen und auf dieser Website angemeldet sind.<\/p>\n\n\n\n<h2 class=\"wp-block-heading\">Wie lange wir Ihre Daten aufbewahren<\/h2>\n\n\n\n<p>Wenn Sie einen Kommentar hinterlassen, bleiben dieser Kommentar und seine Metadaten f\u00fcr immer erhalten. Auf diese Weise k\u00f6nnen wir Folgekommentare automatisch erkennen und freigeben, anstatt sie moderieren zu m\u00fcssen.<\/p>\n\n\n\n<p>F\u00fcr auf unserer Website registrierte Nutzer speichern wir ggf. auch personenbezogene Daten in deren Nutzerprofil. Alle Benutzer k\u00f6nnen ihre pers\u00f6nlichen Daten jederzeit einsehen, \u00e4ndern oder l\u00f6schen (der Benutzername kann nicht ge\u00e4ndert werden). Auch Website-Administratoren k\u00f6nnen diese Informationen einsehen und \u00e4ndern.<\/p>\n\n\n\n<h2 class=\"wp-block-heading\">Welche Rechte Sie an Ihren Daten haben<\/h2>\n\n\n\n<p>Wenn Sie ein Konto auf dieser Website haben oder Kommentare hinterlassen haben, k\u00f6nnen Sie einen Export Ihrer personenbezogenen Daten anfordern, die wir \u00fcber Sie gespeichert haben, einschlie\u00dflich aller Daten, die Sie uns zur Verf\u00fcgung gestellt haben. Sie k\u00f6nnen auch verlangen, dass wir alle personenbezogenen Daten, die wir \u00fcber Sie haben, l\u00f6schen. Hiervon ausgenommen sind Daten, zu deren Aufbewahrung wir aus administrativen, rechtlichen oder Sicherheitsgr\u00fcnden verpflichtet sind.<\/p>\n\n\n\n<h2 class=\"wp-block-heading\">Wohin wir Ihre Daten senden<\/h2>\n\n\n\n<p>Besucherkommentare k\u00f6nnen durch einen automatisierten Spam-Erkennungsdienst \u00fcberpr\u00fcft werden.<\/p>\n","protected":false},"excerpt":{"rendered":"<p>Wer sind wir Unsere Website-Adresse lautet: http:\/\/ijmuiden-newcastle.com. Welche personenbezogenen Daten wir sammeln und warum wir sie sammeln Kommentare Wenn Besucher [&hellip;]<\/p>\n","protected":false},"author":1,"featured_media":0,"parent":0,"menu_order":0,"comment_status":"closed","ping_status":"closed","template":"","meta":{"inline_featured_image":false,"site-sidebar-layout":"default","site-content-layout":"","ast-site-content-layout":"default","site-content-style":"default","site-sidebar-style":"default","ast-global-header-display":"","ast-banner-title-visibility":"","ast-main-header-display":"","ast-hfb-above-header-display":"","ast-hfb-below-header-display":"","ast-hfb-mobile-header-display":"","site-post-title":"","ast-breadcrumbs-content":"","ast-featured-img":"","footer-sml-layout":"","ast-disable-related-posts":"","theme-transparent-header-meta":"","adv-header-id-meta":"","stick-header-meta":"","header-above-stick-meta":"","header-main-stick-meta":"","header-below-stick-meta":"","astra-migrate-meta-layouts":"default","ast-page-background-enabled":"default","ast-page-background-meta":{"desktop":{"background-color":"var(--ast-global-color-4)","background-image":"","background-repeat":"repeat","background-position":"center center","background-size":"auto","background-attachment":"scroll","background-type":"","background-media":"","overlay-type":"","overlay-color":"","overlay-opacity":"","overlay-gradient":""},"tablet":{"background-color":"","background-image":"","background-repeat":"repeat","background-position":"center center","background-size":"auto","background-attachment":"scroll","background-type":"","background-media":"","overlay-type":"","overlay-color":"","overlay-opacity":"","overlay-gradient":""},"mobile":{"background-color":"","background-image":"","background-repeat":"repeat","background-position":"center center","background-size":"auto","background-attachment":"scroll","background-type":"","background-media":"","overlay-type":"","overlay-color":"","overlay-opacity":"","overlay-gradient":""}},"ast-content-background-meta":{"desktop":{"background-color":"var(--ast-global-color-5)","background-image":"","background-repeat":"repeat","background-position":"center center","background-size":"auto","background-attachment":"scroll","background-type":"","background-media":"","overlay-type":"","overlay-color":"","overlay-opacity":"","overlay-gradient":""},"tablet":{"background-color":"var(--ast-global-color-5)","background-image":"","background-repeat":"repeat","background-position":"center center","background-size":"auto","background-attachment":"scroll","background-type":"","background-media":"","overlay-type":"","overlay-color":"","overlay-opacity":"","overlay-gradient":""},"mobile":{"background-color":"var(--ast-global-color-5)","background-image":"","background-repeat":"repeat","background-position":"center center","background-size":"auto","background-attachment":"scroll","background-type":"","background-media":"","overlay-type":"","overlay-color":"","overlay-opacity":"","overlay-gradient":""}},"footnotes":""},"class_list":["post-1250","page","type-page","status-publish","hentry"],"yoast_head":"<!-- This site is optimized with the Yoast SEO plugin v27.2 - https:\/\/yoast.com\/product\/yoast-seo-wordpress\/ -->\n<title>Datenschutzerkl\u00e4rung - IJmuiden-Newcastle F\u00e4hre<\/title>\n<meta name=\"robots\" content=\"index, follow, max-snippet:-1, max-image-preview:large, max-video-preview:-1\" \/>\n<link rel=\"canonical\" href=\"https:\/\/ijmuiden-newcastle.com\/de\/datenschutzerklarung\/\" \/>\n<meta property=\"og:locale\" content=\"de_DE\" \/>\n<meta property=\"og:type\" content=\"article\" \/>\n<meta property=\"og:title\" content=\"Datenschutzerkl\u00e4rung - IJmuiden-Newcastle F\u00e4hre\" \/>\n<meta property=\"og:description\" content=\"Wer sind wir Unsere Website-Adresse lautet: http:\/\/ijmuiden-newcastle.com. Welche personenbezogenen Daten wir sammeln und warum wir sie sammeln Kommentare Wenn Besucher [&hellip;]\" \/>\n<meta property=\"og:url\" content=\"https:\/\/ijmuiden-newcastle.com\/de\/datenschutzerklarung\/\" \/>\n<meta property=\"og:site_name\" content=\"IJmuiden-Newcastle F\u00e4hre\" \/>\n<meta property=\"article:modified_time\" content=\"2024-06-05T12:10:06+00:00\" \/>\n<meta name=\"twitter:card\" content=\"summary_large_image\" \/>\n<meta name=\"twitter:label1\" content=\"Gesch\u00e4tzte Lesezeit\" \/>\n\t<meta name=\"twitter:data1\" content=\"3\u00a0Minuten\" \/>\n<script type=\"application\/ld+json\" class=\"yoast-schema-graph\">{\"@context\":\"https:\/\/schema.org\",\"@graph\":[{\"@type\":\"WebPage\",\"@id\":\"https:\/\/ijmuiden-newcastle.com\/de\/datenschutzerklarung\/\",\"url\":\"https:\/\/ijmuiden-newcastle.com\/de\/datenschutzerklarung\/\",\"name\":\"Datenschutzerkl\u00e4rung - IJmuiden-Newcastle F\u00e4hre\",\"isPartOf\":{\"@id\":\"https:\/\/ijmuiden-newcastle.com\/de\/#website\"},\"datePublished\":\"2024-06-05T08:16:39+00:00\",\"dateModified\":\"2024-06-05T12:10:06+00:00\",\"breadcrumb\":{\"@id\":\"https:\/\/ijmuiden-newcastle.com\/de\/datenschutzerklarung\/#breadcrumb\"},\"inLanguage\":\"de\",\"potentialAction\":[{\"@type\":\"ReadAction\",\"target\":[\"https:\/\/ijmuiden-newcastle.com\/de\/datenschutzerklarung\/\"]}]},{\"@type\":\"BreadcrumbList\",\"@id\":\"https:\/\/ijmuiden-newcastle.com\/de\/datenschutzerklarung\/#breadcrumb\",\"itemListElement\":[{\"@type\":\"ListItem\",\"position\":1,\"name\":\"Startseite\",\"item\":\"https:\/\/ijmuiden-newcastle.com\/de\/\"},{\"@type\":\"ListItem\",\"position\":2,\"name\":\"Datenschutzerkl\u00e4rung\"}]},{\"@type\":\"WebSite\",\"@id\":\"https:\/\/ijmuiden-newcastle.com\/de\/#website\",\"url\":\"https:\/\/ijmuiden-newcastle.com\/de\/\",\"name\":\"IJmuiden-Newcastle F\u00e4hre\",\"description\":\"\",\"publisher\":{\"@id\":\"https:\/\/ijmuiden-newcastle.com\/de\/#organization\"},\"potentialAction\":[{\"@type\":\"SearchAction\",\"target\":{\"@type\":\"EntryPoint\",\"urlTemplate\":\"https:\/\/ijmuiden-newcastle.com\/de\/?s={search_term_string}\"},\"query-input\":{\"@type\":\"PropertyValueSpecification\",\"valueRequired\":true,\"valueName\":\"search_term_string\"}}],\"inLanguage\":\"de\"},{\"@type\":\"Organization\",\"@id\":\"https:\/\/ijmuiden-newcastle.com\/de\/#organization\",\"name\":\"IJmuiden-Newcastle F\u00e4hre\",\"url\":\"https:\/\/ijmuiden-newcastle.com\/de\/\",\"logo\":{\"@type\":\"ImageObject\",\"inLanguage\":\"de\",\"@id\":\"https:\/\/ijmuiden-newcastle.com\/de\/#\/schema\/logo\/image\/\",\"url\":\"https:\/\/ijmuiden-newcastle.com\/de\/wp-content\/uploads\/sites\/2\/2025\/02\/ijmuiden-new-castle.svg\",\"contentUrl\":\"https:\/\/ijmuiden-newcastle.com\/de\/wp-content\/uploads\/sites\/2\/2025\/02\/ijmuiden-new-castle.svg\",\"width\":1200,\"height\":240,\"caption\":\"IJmuiden-Newcastle F\u00e4hre\"},\"image\":{\"@id\":\"https:\/\/ijmuiden-newcastle.com\/de\/#\/schema\/logo\/image\/\"}}]}<\/script>\n<!-- \/ Yoast SEO plugin. -->","yoast_head_json":{"title":"Datenschutzerkl\u00e4rung - IJmuiden-Newcastle F\u00e4hre","robots":{"index":"index","follow":"follow","max-snippet":"max-snippet:-1","max-image-preview":"max-image-preview:large","max-video-preview":"max-video-preview:-1"},"canonical":"https:\/\/ijmuiden-newcastle.com\/de\/datenschutzerklarung\/","og_locale":"de_DE","og_type":"article","og_title":"Datenschutzerkl\u00e4rung - IJmuiden-Newcastle F\u00e4hre","og_description":"Wer sind wir Unsere Website-Adresse lautet: http:\/\/ijmuiden-newcastle.com. Welche personenbezogenen Daten wir sammeln und warum wir sie sammeln Kommentare Wenn Besucher [&hellip;]","og_url":"https:\/\/ijmuiden-newcastle.com\/de\/datenschutzerklarung\/","og_site_name":"IJmuiden-Newcastle F\u00e4hre","article_modified_time":"2024-06-05T12:10:06+00:00","twitter_card":"summary_large_image","twitter_misc":{"Gesch\u00e4tzte Lesezeit":"3\u00a0Minuten"},"schema":{"@context":"https:\/\/schema.org","@graph":[{"@type":"WebPage","@id":"https:\/\/ijmuiden-newcastle.com\/de\/datenschutzerklarung\/","url":"https:\/\/ijmuiden-newcastle.com\/de\/datenschutzerklarung\/","name":"Datenschutzerkl\u00e4rung - IJmuiden-Newcastle F\u00e4hre","isPartOf":{"@id":"https:\/\/ijmuiden-newcastle.com\/de\/#website"},"datePublished":"2024-06-05T08:16:39+00:00","dateModified":"2024-06-05T12:10:06+00:00","breadcrumb":{"@id":"https:\/\/ijmuiden-newcastle.com\/de\/datenschutzerklarung\/#breadcrumb"},"inLanguage":"de","potentialAction":[{"@type":"ReadAction","target":["https:\/\/ijmuiden-newcastle.com\/de\/datenschutzerklarung\/"]}]},{"@type":"BreadcrumbList","@id":"https:\/\/ijmuiden-newcastle.com\/de\/datenschutzerklarung\/#breadcrumb","itemListElement":[{"@type":"ListItem","position":1,"name":"Startseite","item":"https:\/\/ijmuiden-newcastle.com\/de\/"},{"@type":"ListItem","position":2,"name":"Datenschutzerkl\u00e4rung"}]},{"@type":"WebSite","@id":"https:\/\/ijmuiden-newcastle.com\/de\/#website","url":"https:\/\/ijmuiden-newcastle.com\/de\/","name":"IJmuiden-Newcastle F\u00e4hre","description":"","publisher":{"@id":"https:\/\/ijmuiden-newcastle.com\/de\/#organization"},"potentialAction":[{"@type":"SearchAction","target":{"@type":"EntryPoint","urlTemplate":"https:\/\/ijmuiden-newcastle.com\/de\/?s={search_term_string}"},"query-input":{"@type":"PropertyValueSpecification","valueRequired":true,"valueName":"search_term_string"}}],"inLanguage":"de"},{"@type":"Organization","@id":"https:\/\/ijmuiden-newcastle.com\/de\/#organization","name":"IJmuiden-Newcastle F\u00e4hre","url":"https:\/\/ijmuiden-newcastle.com\/de\/","logo":{"@type":"ImageObject","inLanguage":"de","@id":"https:\/\/ijmuiden-newcastle.com\/de\/#\/schema\/logo\/image\/","url":"https:\/\/ijmuiden-newcastle.com\/de\/wp-content\/uploads\/sites\/2\/2025\/02\/ijmuiden-new-castle.svg","contentUrl":"https:\/\/ijmuiden-newcastle.com\/de\/wp-content\/uploads\/sites\/2\/2025\/02\/ijmuiden-new-castle.svg","width":1200,"height":240,"caption":"IJmuiden-Newcastle F\u00e4hre"},"image":{"@id":"https:\/\/ijmuiden-newcastle.com\/de\/#\/schema\/logo\/image\/"}}]}},"_links":{"self":[{"href":"https:\/\/ijmuiden-newcastle.com\/de\/wp-json\/wp\/v2\/pages\/1250","targetHints":{"allow":["GET"]}}],"collection":[{"href":"https:\/\/ijmuiden-newcastle.com\/de\/wp-json\/wp\/v2\/pages"}],"about":[{"href":"https:\/\/ijmuiden-newcastle.com\/de\/wp-json\/wp\/v2\/types\/page"}],"author":[{"embeddable":true,"href":"https:\/\/ijmuiden-newcastle.com\/de\/wp-json\/wp\/v2\/users\/1"}],"replies":[{"embeddable":true,"href":"https:\/\/ijmuiden-newcastle.com\/de\/wp-json\/wp\/v2\/comments?post=1250"}],"version-history":[{"count":2,"href":"https:\/\/ijmuiden-newcastle.com\/de\/wp-json\/wp\/v2\/pages\/1250\/revisions"}],"predecessor-version":[{"id":1340,"href":"https:\/\/ijmuiden-newcastle.com\/de\/wp-json\/wp\/v2\/pages\/1250\/revisions\/1340"}],"wp:attachment":[{"href":"https:\/\/ijmuiden-newcastle.com\/de\/wp-json\/wp\/v2\/media?parent=1250"}],"curies":[{"name":"wp","href":"https:\/\/api.w.org\/{rel}","templated":true}]}}